{"id":2467,"date":"2026-02-17T20:33:17","date_gmt":"2026-02-17T20:33:17","guid":{"rendered":"https:\/\/web.vaips.cl\/?page_id=2467"},"modified":"2026-02-19T14:59:44","modified_gmt":"2026-02-19T14:59:44","slug":"trabaja-con-nosotros","status":"publish","type":"page","link":"https:\/\/web.vaips.cl\/?page_id=2467","title":{"rendered":"Trabaja con Nosotros"},"content":{"rendered":"\t\t<div data-elementor-type=\"wp-page\" data-elementor-id=\"2467\" class=\"elementor elementor-2467\" data-elementor-post-type=\"page\">\n\t\t\t\t\t\t<section class=\"elementor-section elementor-top-section elementor-element elementor-element-52fca7f elementor-section-boxed elementor-section-height-default elementor-section-height-default\" data-id=\"52fca7f\" data-element_type=\"section\" data-settings=\"{&quot;background_background&quot;:&quot;classic&quot;,&quot;shape_divider_bottom&quot;:&quot;tilt&quot;}\">\n\t\t\t\t\t\t\t<div class=\"elementor-background-overlay\"><\/div>\n\t\t\t\t\t\t<div class=\"elementor-shape elementor-shape-bottom\" data-negative=\"false\">\n\t\t\t<svg xmlns=\"http:\/\/www.w3.org\/2000\/svg\" viewBox=\"0 0 1000 100\" preserveAspectRatio=\"none\">\n\t<path class=\"elementor-shape-fill\" d=\"M0,6V0h1000v100L0,6z\"\/>\n<\/svg>\t\t<\/div>\n\t\t\t\t\t<div class=\"elementor-container elementor-column-gap-default\">\n\t\t\t\t\t<div class=\"elementor-column elementor-col-100 elementor-top-column elementor-element elementor-element-cbabc27\" data-id=\"cbabc27\" data-element_type=\"column\">\n\t\t\t<div class=\"elementor-widget-wrap elementor-element-populated\">\n\t\t\t\t\t\t<div class=\"elementor-element elementor-element-28f65b8 elementor-widget elementor-widget-heading\" data-id=\"28f65b8\" data-element_type=\"widget\" data-widget_type=\"heading.default\">\n\t\t\t\t<div class=\"elementor-widget-container\">\n\t\t\t\t\t<h2 class=\"elementor-heading-title elementor-size-default\">TRABAJA CON NOSOTROS<\/h2>\t\t\t\t<\/div>\n\t\t\t\t<\/div>\n\t\t\t\t<div class=\"elementor-element elementor-element-1a8b755 elementor-widget elementor-widget-heading\" data-id=\"1a8b755\" data-element_type=\"widget\" data-widget_type=\"heading.default\">\n\t\t\t\t<div class=\"elementor-widget-container\">\n\t\t\t\t\t<h1 class=\"elementor-heading-title elementor-size-default\">POSTULA AQU\u00cd<\/h1>\t\t\t\t<\/div>\n\t\t\t\t<\/div>\n\t\t\t\t\t<\/div>\n\t\t<\/div>\n\t\t\t\t\t<\/div>\n\t\t<\/section>\n\t\t\t\t<section class=\"elementor-section elementor-top-section elementor-element elementor-element-b480144 elementor-section-boxed elementor-section-height-default elementor-section-height-default\" data-id=\"b480144\" data-element_type=\"section\">\n\t\t\t\t\t\t<div class=\"elementor-container elementor-column-gap-default\">\n\t\t\t\t\t<div class=\"elementor-column elementor-col-100 elementor-top-column elementor-element elementor-element-b874c45\" data-id=\"b874c45\" data-element_type=\"column\">\n\t\t\t<div class=\"elementor-widget-wrap\">\n\t\t\t\t\t\t\t<\/div>\n\t\t<\/div>\n\t\t\t\t\t<\/div>\n\t\t<\/section>\n\t\t\t\t<section class=\"elementor-section elementor-top-section elementor-element elementor-element-6127ee5 elementor-section-full_width elementor-section-height-default elementor-section-height-default\" data-id=\"6127ee5\" data-element_type=\"section\">\n\t\t\t\t\t\t<div class=\"elementor-container elementor-column-gap-no\">\n\t\t\t\t\t<div class=\"elementor-column elementor-col-25 elementor-top-column elementor-element elementor-element-b390638\" data-id=\"b390638\" data-element_type=\"column\">\n\t\t\t<div class=\"elementor-widget-wrap elementor-element-populated\">\n\t\t\t\t\t\t<div class=\"elementor-element elementor-element-6a0d412 elementor-widget__width-initial elementor-widget elementor-widget-image\" data-id=\"6a0d412\" data-element_type=\"widget\" data-widget_type=\"image.default\">\n\t\t\t\t<div class=\"elementor-widget-container\">\n\t\t\t\t\t\t\t\t\t\t\t\t\t\t\t<img fetchpriority=\"high\" decoding=\"async\" width=\"767\" height=\"672\" src=\"https:\/\/web.vaips.cl\/wp-content\/uploads\/2026\/02\/Se-parte-de-VAIPS.-Siempre-estamos-en-busqueda-de-talento.-Envianos-tu-curriculum-y-nos-pondremos-en-contacto-contigo-cuando-exista-una-vacante-acorde-a-tu-perfil-profesional.-1-1.png\" class=\"attachment-large size-large wp-image-2511\" alt=\"\" srcset=\"https:\/\/web.vaips.cl\/wp-content\/uploads\/2026\/02\/Se-parte-de-VAIPS.-Siempre-estamos-en-busqueda-de-talento.-Envianos-tu-curriculum-y-nos-pondremos-en-contacto-contigo-cuando-exista-una-vacante-acorde-a-tu-perfil-profesional.-1-1.png 767w, https:\/\/web.vaips.cl\/wp-content\/uploads\/2026\/02\/Se-parte-de-VAIPS.-Siempre-estamos-en-busqueda-de-talento.-Envianos-tu-curriculum-y-nos-pondremos-en-contacto-contigo-cuando-exista-una-vacante-acorde-a-tu-perfil-profesional.-1-1-300x263.png 300w\" sizes=\"(max-width: 767px) 100vw, 767px\" \/>\t\t\t\t\t\t\t\t\t\t\t\t\t\t\t<\/div>\n\t\t\t\t<\/div>\n\t\t\t\t\t<\/div>\n\t\t<\/div>\n\t\t\t\t<div class=\"elementor-column elementor-col-25 elementor-top-column elementor-element elementor-element-0c6f782\" data-id=\"0c6f782\" data-element_type=\"column\">\n\t\t\t<div class=\"elementor-widget-wrap\">\n\t\t\t\t\t\t\t<\/div>\n\t\t<\/div>\n\t\t\t\t<div class=\"elementor-column elementor-col-25 elementor-top-column elementor-element elementor-element-556a9a5\" data-id=\"556a9a5\" data-element_type=\"column\">\n\t\t\t<div class=\"elementor-widget-wrap elementor-element-populated\">\n\t\t\t\t\t\t<div class=\"elementor-element elementor-element-8dd5164 elementor-widget__width-initial elementor-button-align-stretch elementor-widget elementor-widget-form\" data-id=\"8dd5164\" data-element_type=\"widget\" data-settings=\"{&quot;button_width&quot;:&quot;50&quot;,&quot;step_next_label&quot;:&quot;Siguiente&quot;,&quot;step_previous_label&quot;:&quot;Anterior&quot;,&quot;step_type&quot;:&quot;number_text&quot;,&quot;step_icon_shape&quot;:&quot;circle&quot;}\" data-widget_type=\"form.default\">\n\t\t\t\t<div class=\"elementor-widget-container\">\n\t\t\t\t\t\t\t<form class=\"elementor-form\" method=\"post\" name=\"Nuevo formulario\">\n\t\t\t<input type=\"hidden\" name=\"post_id\" value=\"2467\"\/>\n\t\t\t<input type=\"hidden\" name=\"form_id\" value=\"8dd5164\"\/>\n\t\t\t<input type=\"hidden\" name=\"referer_title\" value=\"\" \/>\n\n\t\t\t\n\t\t\t<div class=\"elementor-form-fields-wrapper elementor-labels-above\">\n\t\t\t\t\t\t\t\t<div class=\"elementor-field-type-text elementor-field-group elementor-column elementor-field-group-name elementor-col-50 elementor-field-required elementor-mark-required\">\n\t\t\t\t\t\t\t\t\t\t\t\t<label for=\"form-field-name\" class=\"elementor-field-label\">\n\t\t\t\t\t\t\t\tNombre y Apellido\t\t\t\t\t\t\t<\/label>\n\t\t\t\t\t\t\t\t\t\t\t\t\t\t<input size=\"1\" type=\"text\" name=\"form_fields[name]\" id=\"form-field-name\" class=\"elementor-field elementor-size-sm  elementor-field-textual\" placeholder=\"Nombre y Apellido\" required=\"required\" aria-required=\"true\">\n\t\t\t\t\t\t\t\t\t\t\t<\/div>\n\t\t\t\t\t\t\t\t<div class=\"elementor-field-type-tel elementor-field-group elementor-column elementor-field-group-field_b5167d7 elementor-col-50 elementor-field-required elementor-mark-required\">\n\t\t\t\t\t\t\t\t\t\t\t\t<label for=\"form-field-field_b5167d7\" class=\"elementor-field-label\">\n\t\t\t\t\t\t\t\tTel\u00e9fono\t\t\t\t\t\t\t<\/label>\n\t\t\t\t\t\t\t\t<input size=\"1\" type=\"tel\" name=\"form_fields[field_b5167d7]\" id=\"form-field-field_b5167d7\" class=\"elementor-field elementor-size-sm  elementor-field-textual\" placeholder=\"Tel\u00e9fono\" required=\"required\" aria-required=\"true\" pattern=\"[0-9()#&amp;+*-=.]+\" title=\"Solo se aceptan n\u00fameros y caracteres de tel\u00e9fono (#,-,*,etc).\">\n\n\t\t\t\t\t\t<\/div>\n\t\t\t\t\t\t\t\t<div class=\"elementor-field-type-email elementor-field-group elementor-column elementor-field-group-email elementor-col-50 elementor-field-required elementor-mark-required\">\n\t\t\t\t\t\t\t\t\t\t\t\t<label for=\"form-field-email\" class=\"elementor-field-label\">\n\t\t\t\t\t\t\t\tCorreo electr\u00f3nico\t\t\t\t\t\t\t<\/label>\n\t\t\t\t\t\t\t\t\t\t\t\t\t\t<input size=\"1\" type=\"email\" name=\"form_fields[email]\" id=\"form-field-email\" class=\"elementor-field elementor-size-sm  elementor-field-textual\" placeholder=\"Correo electr\u00f3nico\" required=\"required\" aria-required=\"true\">\n\t\t\t\t\t\t\t\t\t\t\t<\/div>\n\t\t\t\t\t\t\t\t<div class=\"elementor-field-type-text elementor-field-group elementor-column elementor-field-group-field_a736e8b elementor-col-50 elementor-field-required elementor-mark-required\">\n\t\t\t\t\t\t\t\t\t\t\t\t<label for=\"form-field-field_a736e8b\" class=\"elementor-field-label\">\n\t\t\t\t\t\t\t\t\u00daltima experiencia\t\t\t\t\t\t\t<\/label>\n\t\t\t\t\t\t\t\t\t\t\t\t\t\t<input size=\"1\" type=\"text\" name=\"form_fields[field_a736e8b]\" id=\"form-field-field_a736e8b\" class=\"elementor-field elementor-size-sm  elementor-field-textual\" placeholder=\"\u00daltima experiencia\" required=\"required\" aria-required=\"true\">\n\t\t\t\t\t\t\t\t\t\t\t<\/div>\n\t\t\t\t\t\t\t\t<div class=\"elementor-field-type-select elementor-field-group elementor-column elementor-field-group-field_d933a3f elementor-col-50 elementor-field-required elementor-mark-required\">\n\t\t\t\t\t\t\t\t\t\t\t\t<label for=\"form-field-field_d933a3f\" class=\"elementor-field-label\">\n\t\t\t\t\t\t\t\tEstudios\t\t\t\t\t\t\t<\/label>\n\t\t\t\t\t\t\t\t<div class=\"elementor-field elementor-select-wrapper remove-before \">\n\t\t\t<div class=\"select-caret-down-wrapper\">\n\t\t\t\t<i aria-hidden=\"true\" class=\"eicon-caret-down\"><\/i>\t\t\t<\/div>\n\t\t\t<select name=\"form_fields[field_d933a3f]\" id=\"form-field-field_d933a3f\" class=\"elementor-field-textual elementor-size-sm\" required=\"required\" aria-required=\"true\">\n\t\t\t\t\t\t\t\t\t<option value=\"Ense\u00f1anza B\u00e1sica\">Ense\u00f1anza B\u00e1sica<\/option>\n\t\t\t\t\t\t\t\t\t<option value=\"Ense\u00f1anza Media Incompleta\">Ense\u00f1anza Media Incompleta<\/option>\n\t\t\t\t\t\t\t\t\t<option value=\"Ense\u00f1anza Media Completa\">Ense\u00f1anza Media Completa<\/option>\n\t\t\t\t\t\t\t\t\t<option value=\"T\u00e9cnico\">T\u00e9cnico<\/option>\n\t\t\t\t\t\t\t\t\t<option value=\"Educaci\u00f3n Universitaria\">Educaci\u00f3n Universitaria<\/option>\n\t\t\t\t\t\t\t\t\t<option value=\"Diplomado\">Diplomado<\/option>\n\t\t\t\t\t\t\t\t\t<option value=\"Postgrado\">Postgrado<\/option>\n\t\t\t\t\t\t\t\t\t<option value=\"Mag\u00edster\">Mag\u00edster<\/option>\n\t\t\t\t\t\t\t\t\t<option value=\"Doctorado\">Doctorado<\/option>\n\t\t\t\t\t\t\t\t\t<option value=\"Otro\">Otro<\/option>\n\t\t\t\t\t\t\t<\/select>\n\t\t<\/div>\n\t\t\t\t\t\t<\/div>\n\t\t\t\t\t\t\t\t<div class=\"elementor-field-type-select elementor-field-group elementor-column elementor-field-group-field_0c108ee elementor-col-50 elementor-field-required elementor-mark-required\">\n\t\t\t\t\t\t\t\t\t\t\t\t<label for=\"form-field-field_0c108ee\" class=\"elementor-field-label\">\n\t\t\t\t\t\t\t\t\u00c1rea de inter\u00e9s\t\t\t\t\t\t\t<\/label>\n\t\t\t\t\t\t\t\t<div class=\"elementor-field elementor-select-wrapper remove-before \">\n\t\t\t<div class=\"select-caret-down-wrapper\">\n\t\t\t\t<i aria-hidden=\"true\" class=\"eicon-caret-down\"><\/i>\t\t\t<\/div>\n\t\t\t<select name=\"form_fields[field_0c108ee]\" id=\"form-field-field_0c108ee\" class=\"elementor-field-textual elementor-size-sm\" required=\"required\" aria-required=\"true\">\n\t\t\t\t\t\t\t\t\t<option value=\"Adquisiciones\">Adquisiciones<\/option>\n\t\t\t\t\t\t\t\t\t<option value=\"Comercial\">Comercial<\/option>\n\t\t\t\t\t\t\t\t\t<option value=\"Gesti\u00f3n de personas\">Gesti\u00f3n de personas<\/option>\n\t\t\t\t\t\t\t\t\t<option value=\"Mantenimiento\">Mantenimiento<\/option>\n\t\t\t\t\t\t\t\t\t<option value=\"Obras civiles\">Obras civiles<\/option>\n\t\t\t\t\t\t\t\t\t<option value=\"Proyectos \/ Obras\">Proyectos \/ Obras<\/option>\n\t\t\t\t\t\t\t\t\t<option value=\"Transporte\">Transporte<\/option>\n\t\t\t\t\t\t\t\t\t<option value=\"Control de recinto\">Control de recinto<\/option>\n\t\t\t\t\t\t\t\t\t<option value=\"Servicios generales\">Servicios generales<\/option>\n\t\t\t\t\t\t\t<\/select>\n\t\t<\/div>\n\t\t\t\t\t\t<\/div>\n\t\t\t\t\t\t\t\t<div class=\"elementor-field-type-textarea elementor-field-group elementor-column elementor-field-group-message elementor-col-100\">\n\t\t\t\t\t\t\t\t\t\t\t\t<label for=\"form-field-message\" class=\"elementor-field-label\">\n\t\t\t\t\t\t\t\tMensaje\t\t\t\t\t\t\t<\/label>\n\t\t\t\t\t\t<textarea class=\"elementor-field-textual elementor-field  elementor-size-sm\" name=\"form_fields[message]\" id=\"form-field-message\" rows=\"4\" placeholder=\"Mensaje\"><\/textarea>\t\t\t\t<\/div>\n\t\t\t\t\t\t\t\t<div class=\"elementor-field-type-upload elementor-field-group elementor-column elementor-field-group-field_914d83d elementor-col-100 elementor-field-required elementor-mark-required\">\n\t\t\t\t\t\t\t\t\t\t\t\t<label for=\"form-field-field_914d83d\" class=\"elementor-field-label\">\n\t\t\t\t\t\t\t\tAdjunta tu curriculum\t\t\t\t\t\t\t<\/label>\n\t\t\t\t\t\t\t\t<input type=\"file\" name=\"form_fields[field_914d83d]\" id=\"form-field-field_914d83d\" class=\"elementor-field elementor-size-sm  elementor-upload-field\" required=\"required\" aria-required=\"true\">\n\n\t\t\t\t\t\t<\/div>\n\t\t\t\t\t\t\t\t<div class=\"elementor-field-group elementor-column elementor-field-type-submit elementor-col-50 e-form__buttons\">\n\t\t\t\t\t<button class=\"elementor-button elementor-size-sm\" type=\"submit\">\n\t\t\t\t\t\t<span class=\"elementor-button-content-wrapper\">\n\t\t\t\t\t\t\t\t\t\t\t\t\t\t\t\t\t\t\t\t\t\t<span class=\"elementor-button-text\">Enviar<\/span>\n\t\t\t\t\t\t\t\t\t\t\t\t\t<\/span>\n\t\t\t\t\t<\/button>\n\t\t\t\t<\/div>\n\t\t\t<\/div>\n\t\t<\/form>\n\t\t\t\t\t\t<\/div>\n\t\t\t\t<\/div>\n\t\t\t\t\t<\/div>\n\t\t<\/div>\n\t\t\t\t<div class=\"elementor-column elementor-col-25 elementor-top-column elementor-element elementor-element-daed8dd\" data-id=\"daed8dd\" data-element_type=\"column\">\n\t\t\t<div class=\"elementor-widget-wrap elementor-element-populated\">\n\t\t\t\t\t\t\t<\/div>\n\t\t<\/div>\n\t\t\t\t\t<\/div>\n\t\t<\/section>\n\t\t\t\t<\/div>\n\t\t","protected":false},"excerpt":{"rendered":"<p>TRABAJA CON NOSOTROS POSTULA AQU\u00cd<\/p>\n","protected":false},"author":5,"featured_media":0,"parent":0,"menu_order":0,"comment_status":"closed","ping_status":"closed","template":"","meta":{"_uag_custom_page_level_css":"","site-sidebar-layout":"no-sidebar","site-content-layout":null,"ast-site-content-layout":"full-width-container","site-content-style":"default","site-sidebar-style":"default","ast-global-header-display":"","ast-banner-title-visibility":"","ast-main-header-display":"","ast-hfb-above-header-display":null,"ast-hfb-below-header-display":null,"ast-hfb-mobile-header-display":"","site-post-title":"disabled","ast-breadcrumbs-content":null,"ast-featured-img":"disabled","footer-sml-layout":"","theme-transparent-header-meta":"enabled","adv-header-id-meta":"","stick-header-meta":"","header-above-stick-meta":null,"header-main-stick-meta":"","header-below-stick-meta":null,"astra-migrate-meta-layouts":"set","ast-page-background-enabled":"default","ast-page-background-meta":{"desktop":{"background-color":"","background-image":"","background-repeat":"repeat","background-position":"center center","background-size":"auto","background-attachment":"scroll","background-type":"","background-media":"","overlay-type":"","overlay-color":"","overlay-opacity":"","overlay-gradient":""},"tablet":{"background-color":"","background-image":"","background-repeat":"repeat","background-position":"center center","background-size":"auto","background-attachment":"scroll","background-type":"","background-media":"","overlay-type":"","overlay-color":"","overlay-opacity":"","overlay-gradient":""},"mobile":{"background-color":"","background-image":"","background-repeat":"repeat","background-position":"center center","background-size":"auto","background-attachment":"scroll","background-type":"","background-media":"","overlay-type":"","overlay-color":"","overlay-opacity":"","overlay-gradient":""}},"ast-content-background-meta":{"desktop":{"background-color":"var(--ast-global-color-5)","background-image":"","background-repeat":"repeat","background-position":"center center","background-size":"auto","background-attachment":"scroll","background-type":"","background-media":"","overlay-type":"","overlay-color":"","overlay-opacity":"","overlay-gradient":""},"tablet":{"background-color":"var(--ast-global-color-5)","background-image":"","background-repeat":"repeat","background-position":"center center","background-size":"auto","background-attachment":"scroll","background-type":"","background-media":"","overlay-type":"","overlay-color":"","overlay-opacity":"","overlay-gradient":""},"mobile":{"background-color":"var(--ast-global-color-5)","background-image":"","background-repeat":"repeat","background-position":"center center","background-size":"auto","background-attachment":"scroll","background-type":"","background-media":"","overlay-type":"","overlay-color":"","overlay-opacity":"","overlay-gradient":""}},"footnotes":""},"class_list":["post-2467","page","type-page","status-publish","hentry"],"yoast_head":"<!-- This site is optimized with the Yoast SEO plugin v24.1 - https:\/\/yoast.com\/wordpress\/plugins\/seo\/ -->\n<title>VAIPS | Cont\u00e1ctanos para resolver tus dudas o consultas<\/title>\n<meta name=\"description\" content=\"Cont\u00e1ctanos en VAIPS para resolver tus dudas o consultas. Escr\u00edbenos a contacto@vaips.cl o vis\u00edtanos en Pudahuel, Santiago. \u00a1Hablemos!\" \/>\n<meta name=\"robots\" content=\"index, follow, max-snippet:-1, max-image-preview:large, max-video-preview:-1\" \/>\n<link rel=\"canonical\" href=\"https:\/\/web.vaips.cl\/?page_id=2467\" \/>\n<meta property=\"og:locale\" content=\"es_ES\" \/>\n<meta property=\"og:type\" content=\"article\" \/>\n<meta property=\"og:title\" content=\"VAIPS | Cont\u00e1ctanos para resolver tus dudas o consultas\" \/>\n<meta property=\"og:description\" content=\"Cont\u00e1ctanos en VAIPS para resolver tus dudas o consultas. Escr\u00edbenos a contacto@vaips.cl o vis\u00edtanos en Pudahuel, Santiago. \u00a1Hablemos!\" \/>\n<meta property=\"og:url\" content=\"https:\/\/web.vaips.cl\/?page_id=2467\" \/>\n<meta property=\"article:modified_time\" content=\"2026-02-19T14:59:44+00:00\" \/>\n<meta property=\"og:image\" content=\"https:\/\/web.vaips.cl\/wp-content\/uploads\/2026\/02\/Se-parte-de-VAIPS.-Siempre-estamos-en-busqueda-de-talento.-Envianos-tu-curriculum-y-nos-pondremos-en-contacto-contigo-cuando-exista-una-vacante-acorde-a-tu-perfil-profesional.-1-1.png\" \/>\n\t<meta property=\"og:image:width\" content=\"767\" \/>\n\t<meta property=\"og:image:height\" content=\"672\" \/>\n\t<meta property=\"og:image:type\" content=\"image\/png\" \/>\n<meta name=\"twitter:card\" content=\"summary_large_image\" \/>\n<meta name=\"twitter:label1\" content=\"Tiempo de lectura\" \/>\n\t<meta name=\"twitter:data1\" content=\"1 minuto\" \/>\n<script type=\"application\/ld+json\" class=\"yoast-schema-graph\">{\"@context\":\"https:\/\/schema.org\",\"@graph\":[{\"@type\":\"WebPage\",\"@id\":\"https:\/\/web.vaips.cl\/?page_id=2467\",\"url\":\"https:\/\/web.vaips.cl\/?page_id=2467\",\"name\":\"VAIPS | Cont\u00e1ctanos para resolver tus dudas o consultas\",\"isPartOf\":{\"@id\":\"https:\/\/web.vaips.cl\/#website\"},\"primaryImageOfPage\":{\"@id\":\"https:\/\/web.vaips.cl\/?page_id=2467#primaryimage\"},\"image\":{\"@id\":\"https:\/\/web.vaips.cl\/?page_id=2467#primaryimage\"},\"thumbnailUrl\":\"https:\/\/web.vaips.cl\/wp-content\/uploads\/2026\/02\/Se-parte-de-VAIPS.-Siempre-estamos-en-busqueda-de-talento.-Envianos-tu-curriculum-y-nos-pondremos-en-contacto-contigo-cuando-exista-una-vacante-acorde-a-tu-perfil-profesional.-1-1.png\",\"datePublished\":\"2026-02-17T20:33:17+00:00\",\"dateModified\":\"2026-02-19T14:59:44+00:00\",\"description\":\"Cont\u00e1ctanos en VAIPS para resolver tus dudas o consultas. Escr\u00edbenos a contacto@vaips.cl o vis\u00edtanos en Pudahuel, Santiago. \u00a1Hablemos!\",\"breadcrumb\":{\"@id\":\"https:\/\/web.vaips.cl\/?page_id=2467#breadcrumb\"},\"inLanguage\":\"es\",\"potentialAction\":[{\"@type\":\"ReadAction\",\"target\":[\"https:\/\/web.vaips.cl\/?page_id=2467\"]}]},{\"@type\":\"ImageObject\",\"inLanguage\":\"es\",\"@id\":\"https:\/\/web.vaips.cl\/?page_id=2467#primaryimage\",\"url\":\"https:\/\/web.vaips.cl\/wp-content\/uploads\/2026\/02\/Se-parte-de-VAIPS.-Siempre-estamos-en-busqueda-de-talento.-Envianos-tu-curriculum-y-nos-pondremos-en-contacto-contigo-cuando-exista-una-vacante-acorde-a-tu-perfil-profesional.-1-1.png\",\"contentUrl\":\"https:\/\/web.vaips.cl\/wp-content\/uploads\/2026\/02\/Se-parte-de-VAIPS.-Siempre-estamos-en-busqueda-de-talento.-Envianos-tu-curriculum-y-nos-pondremos-en-contacto-contigo-cuando-exista-una-vacante-acorde-a-tu-perfil-profesional.-1-1.png\",\"width\":767,\"height\":672},{\"@type\":\"BreadcrumbList\",\"@id\":\"https:\/\/web.vaips.cl\/?page_id=2467#breadcrumb\",\"itemListElement\":[{\"@type\":\"ListItem\",\"position\":1,\"name\":\"Portada\",\"item\":\"https:\/\/web.vaips.cl\/\"},{\"@type\":\"ListItem\",\"position\":2,\"name\":\"Trabaja con Nosotros\"}]},{\"@type\":\"WebSite\",\"@id\":\"https:\/\/web.vaips.cl\/#website\",\"url\":\"https:\/\/web.vaips.cl\/\",\"name\":\"\",\"description\":\"\",\"potentialAction\":[{\"@type\":\"SearchAction\",\"target\":{\"@type\":\"EntryPoint\",\"urlTemplate\":\"https:\/\/web.vaips.cl\/?s={search_term_string}\"},\"query-input\":{\"@type\":\"PropertyValueSpecification\",\"valueRequired\":true,\"valueName\":\"search_term_string\"}}],\"inLanguage\":\"es\"}]}<\/script>\n<!-- \/ Yoast SEO plugin. -->","yoast_head_json":{"title":"VAIPS | Cont\u00e1ctanos para resolver tus dudas o consultas","description":"Cont\u00e1ctanos en VAIPS para resolver tus dudas o consultas. Escr\u00edbenos a contacto@vaips.cl o vis\u00edtanos en Pudahuel, Santiago. \u00a1Hablemos!","robots":{"index":"index","follow":"follow","max-snippet":"max-snippet:-1","max-image-preview":"max-image-preview:large","max-video-preview":"max-video-preview:-1"},"canonical":"https:\/\/web.vaips.cl\/?page_id=2467","og_locale":"es_ES","og_type":"article","og_title":"VAIPS | Cont\u00e1ctanos para resolver tus dudas o consultas","og_description":"Cont\u00e1ctanos en VAIPS para resolver tus dudas o consultas. Escr\u00edbenos a contacto@vaips.cl o vis\u00edtanos en Pudahuel, Santiago. \u00a1Hablemos!","og_url":"https:\/\/web.vaips.cl\/?page_id=2467","article_modified_time":"2026-02-19T14:59:44+00:00","og_image":[{"width":767,"height":672,"url":"https:\/\/web.vaips.cl\/wp-content\/uploads\/2026\/02\/Se-parte-de-VAIPS.-Siempre-estamos-en-busqueda-de-talento.-Envianos-tu-curriculum-y-nos-pondremos-en-contacto-contigo-cuando-exista-una-vacante-acorde-a-tu-perfil-profesional.-1-1.png","type":"image\/png"}],"twitter_card":"summary_large_image","twitter_misc":{"Tiempo de lectura":"1 minuto"},"schema":{"@context":"https:\/\/schema.org","@graph":[{"@type":"WebPage","@id":"https:\/\/web.vaips.cl\/?page_id=2467","url":"https:\/\/web.vaips.cl\/?page_id=2467","name":"VAIPS | Cont\u00e1ctanos para resolver tus dudas o consultas","isPartOf":{"@id":"https:\/\/web.vaips.cl\/#website"},"primaryImageOfPage":{"@id":"https:\/\/web.vaips.cl\/?page_id=2467#primaryimage"},"image":{"@id":"https:\/\/web.vaips.cl\/?page_id=2467#primaryimage"},"thumbnailUrl":"https:\/\/web.vaips.cl\/wp-content\/uploads\/2026\/02\/Se-parte-de-VAIPS.-Siempre-estamos-en-busqueda-de-talento.-Envianos-tu-curriculum-y-nos-pondremos-en-contacto-contigo-cuando-exista-una-vacante-acorde-a-tu-perfil-profesional.-1-1.png","datePublished":"2026-02-17T20:33:17+00:00","dateModified":"2026-02-19T14:59:44+00:00","description":"Cont\u00e1ctanos en VAIPS para resolver tus dudas o consultas. Escr\u00edbenos a contacto@vaips.cl o vis\u00edtanos en Pudahuel, Santiago. \u00a1Hablemos!","breadcrumb":{"@id":"https:\/\/web.vaips.cl\/?page_id=2467#breadcrumb"},"inLanguage":"es","potentialAction":[{"@type":"ReadAction","target":["https:\/\/web.vaips.cl\/?page_id=2467"]}]},{"@type":"ImageObject","inLanguage":"es","@id":"https:\/\/web.vaips.cl\/?page_id=2467#primaryimage","url":"https:\/\/web.vaips.cl\/wp-content\/uploads\/2026\/02\/Se-parte-de-VAIPS.-Siempre-estamos-en-busqueda-de-talento.-Envianos-tu-curriculum-y-nos-pondremos-en-contacto-contigo-cuando-exista-una-vacante-acorde-a-tu-perfil-profesional.-1-1.png","contentUrl":"https:\/\/web.vaips.cl\/wp-content\/uploads\/2026\/02\/Se-parte-de-VAIPS.-Siempre-estamos-en-busqueda-de-talento.-Envianos-tu-curriculum-y-nos-pondremos-en-contacto-contigo-cuando-exista-una-vacante-acorde-a-tu-perfil-profesional.-1-1.png","width":767,"height":672},{"@type":"BreadcrumbList","@id":"https:\/\/web.vaips.cl\/?page_id=2467#breadcrumb","itemListElement":[{"@type":"ListItem","position":1,"name":"Portada","item":"https:\/\/web.vaips.cl\/"},{"@type":"ListItem","position":2,"name":"Trabaja con Nosotros"}]},{"@type":"WebSite","@id":"https:\/\/web.vaips.cl\/#website","url":"https:\/\/web.vaips.cl\/","name":"","description":"","potentialAction":[{"@type":"SearchAction","target":{"@type":"EntryPoint","urlTemplate":"https:\/\/web.vaips.cl\/?s={search_term_string}"},"query-input":{"@type":"PropertyValueSpecification","valueRequired":true,"valueName":"search_term_string"}}],"inLanguage":"es"}]}},"uagb_featured_image_src":{"full":false,"thumbnail":false,"medium":false,"medium_large":false,"large":false,"1536x1536":false,"2048x2048":false},"uagb_author_info":{"display_name":"Jonathan","author_link":"https:\/\/web.vaips.cl\/?author=5"},"uagb_comment_info":0,"uagb_excerpt":"TRABAJA CON NOSOTROS POSTULA AQU\u00cd","_links":{"self":[{"href":"https:\/\/web.vaips.cl\/index.php?rest_route=\/wp\/v2\/pages\/2467","targetHints":{"allow":["GET"]}}],"collection":[{"href":"https:\/\/web.vaips.cl\/index.php?rest_route=\/wp\/v2\/pages"}],"about":[{"href":"https:\/\/web.vaips.cl\/index.php?rest_route=\/wp\/v2\/types\/page"}],"author":[{"embeddable":true,"href":"https:\/\/web.vaips.cl\/index.php?rest_route=\/wp\/v2\/users\/5"}],"replies":[{"embeddable":true,"href":"https:\/\/web.vaips.cl\/index.php?rest_route=%2Fwp%2Fv2%2Fcomments&post=2467"}],"version-history":[{"count":32,"href":"https:\/\/web.vaips.cl\/index.php?rest_route=\/wp\/v2\/pages\/2467\/revisions"}],"predecessor-version":[{"id":2517,"href":"https:\/\/web.vaips.cl\/index.php?rest_route=\/wp\/v2\/pages\/2467\/revisions\/2517"}],"wp:attachment":[{"href":"https:\/\/web.vaips.cl\/index.php?rest_route=%2Fwp%2Fv2%2Fmedia&parent=2467"}],"curies":[{"name":"wp","href":"https:\/\/api.w.org\/{rel}","templated":true}]}}